{"id":1139,"date":"2018-09-25T20:44:47","date_gmt":"2018-09-26T01:44:47","guid":{"rendered":"https:\/\/www.monsieurcrepi.com\/?page_id=1139"},"modified":"2021-02-18T13:19:41","modified_gmt":"2021-02-18T18:19:41","slug":"parging-coating","status":"publish","type":"page","link":"https:\/\/www.monsieurcrepi.com\/en\/parging-coating\/","title":{"rendered":"Parging coating"},"content":{"rendered":"<h1>Perfect parging<\/h1>\n<p>Parging  is the most commonly used material when covering a home&#8217;s concrete foundation. Not only does it enhance the look of your home, it keeps your foundation healthy and strong, by sealing together all the ma\u00e7onnery work.<\/p>\n<div class=\"avant-apres\"><img decoding=\"async\" title=\"Before\" src=\"\/wp-content\/uploads\/P5020001-Before.jpg\" alt=\"Before\" \/><img decoding=\"async\" title=\"After\" src=\"\/wp-content\/uploads\/P5020001-After.jpg\" alt=\"After\" \/><\/div>\n<p>Its function is to protect your home against bad weather, while favoring exterior gas exchange. It also ensures phonic and thermal protection. <\/p>\n<p>A most for a new construction, it&#8217;s also great for enhancing older foundations that needs refreshing. Our parging services include the following options:<\/p>\n<ul>\n<li>Your choice of cover (parge or acrylic)<\/li>\n<li>Your choice of color (we have over 160 hues)<\/li>\n<li>Your choice of application technique (pressure gun, sponge or other)<\/li>\n<\/ul>\n<div class=\"avant-apres\"><img decoding=\"async\" title=\"Before\" src=\"\/wp-content\/uploads\/revetement-crepi-avant-opt.jpg\" alt=\"rev\u00eatement de cr\u00e9pi - avant r\u00e9paration\" \/><img decoding=\"async\" title=\"After\" src=\"\/wp-content\/uploads\/revetement-crepi-apres-opt.jpg\" alt=\"rev\u00eatement de cr\u00e9pi - apr\u00e8s r\u00e9paration\" \/><\/div>\n<div class=\"avant-apres bjm-img-after\"><img decoding=\"async\" title=\"After\" src=\"\/wp-content\/uploads\/revetement-crepi-apres-2-opt.jpg\" alt=\"rev\u00eatement de cr\u00e9pi\" \/><img decoding=\"async\" title=\"After\" src=\"\/wp-content\/uploads\/revetement-crepi-apres-3-opt.jpg\" alt=\"rev\u00eatement de cr\u00e9pi\" \/><\/div>\n<h2>Pressure gun application<\/h2>\n<p>Using a pressure gun to apply parging means a very strong adhesive effect on the concrete, caused by the power of the gun, its targeted coverage and its ability to perfectly infiltrate every cement pore.<\/p>\n<div class=\"avant-apres\"><img decoding=\"async\" title=\"Before\" src=\"\/wp-content\/uploads\/P4120013-Before.jpg\" alt=\"Before\" \/><img decoding=\"async\" title=\"After\" src=\"\/wp-content\/uploads\/P4120013-After.jpg\" alt=\"After\" \/><\/div>\n<h2>Sponge application<\/h2>\n<p>It&#8217;s called a sponge application, but in this case, parge is carefully applied with a trowel, then wiped with a moist sponge once it&#8217;s firm enough to maintain its shape, yet soft enough to be polished. This gives a perfect finish. <\/p>\n<div class=\"avant-apres\"><img decoding=\"async\" title=\"Before\" src=\"\/wp-content\/uploads\/P6010030-Before.jpg\" alt=\"Before\" \/><img decoding=\"async\" title=\"After\" src=\"\/wp-content\/uploads\/P6010030-After.jpg\" alt=\"After\" \/><\/div>\n<h2 class=\"title-n-button\">Protect your concrete and keep it looking new with parging or acrylic coating that&#8217;s applied by expert hands!<\/h2>\n","protected":false},"excerpt":{"rendered":"<p>Perfect parging Parging is the most commonly used material when covering a home&#8217;s concrete foundation. Not only does it enhance the look of your home, it keeps your foundation healthy and strong, by sealing together all the ma\u00e7onnery work. Its<span class=\"ellipsis\">&hellip;<\/span><\/p>\n<div class=\"read-more\"><a href=\"https:\/\/www.monsieurcrepi.com\/en\/parging-coating\/\">Read more &#8250;<\/a><\/div>\n<p><!-- end of .read-more --><\/p>\n","protected":false},"author":8,"featured_media":0,"parent":0,"menu_order":0,"comment_status":"closed","ping_status":"closed","template":"","meta":{"footnotes":""},"class_list":["post-1139","page","type-page","status-publish","hentry"],"yoast_head":"<!-- This site is optimized with the Yoast SEO plugin v27.5 - https:\/\/yoast.com\/product\/yoast-seo-wordpress\/ -->\n<title>Parging | Monsieur Cr\u00e9pi &quot;Nouvelle G\u00e9n\u00e9ration&quot; Inc.<\/title>\n<meta name=\"description\" content=\"Parging is essential for a healthy foundation, plus it greatly improves the appearance of your home. Call us at (514) 347-8922\" \/>\n<meta name=\"robots\" content=\"index, follow, max-snippet:-1, max-image-preview:large, max-video-preview:-1\" \/>\n<link rel=\"canonical\" href=\"https:\/\/www.monsieurcrepi.com\/en\/parging-coating\/\" \/>\n<meta property=\"og:locale\" content=\"en_US\" \/>\n<meta property=\"og:type\" content=\"article\" \/>\n<meta property=\"og:title\" content=\"Parging | Monsieur Cr\u00e9pi &quot;Nouvelle G\u00e9n\u00e9ration&quot; Inc.\" \/>\n<meta property=\"og:description\" content=\"Parging is essential for a healthy foundation, plus it greatly improves the appearance of your home. Call us at (514) 347-8922\" \/>\n<meta property=\"og:url\" content=\"https:\/\/www.monsieurcrepi.com\/en\/parging-coating\/\" \/>\n<meta property=\"og:site_name\" content=\"Monsieur Cr\u00e9pi\" \/>\n<meta property=\"article:modified_time\" content=\"2021-02-18T18:19:41+00:00\" \/>\n<meta property=\"og:image\" content=\"https:\/\/www.monsieurcrepi.com\/wp-content\/uploads\/P5020001-Before.jpg\" \/>\n<meta name=\"twitter:label1\" content=\"Est. reading time\" \/>\n\t<meta name=\"twitter:data1\" content=\"1 minute\" \/>\n<script type=\"application\/ld+json\" class=\"yoast-schema-graph\">{\"@context\":\"https:\\\/\\\/schema.org\",\"@graph\":[{\"@type\":\"WebPage\",\"@id\":\"https:\\\/\\\/www.monsieurcrepi.com\\\/en\\\/parging-coating\\\/\",\"url\":\"https:\\\/\\\/www.monsieurcrepi.com\\\/en\\\/parging-coating\\\/\",\"name\":\"Parging | Monsieur Cr\u00e9pi \\\"Nouvelle G\u00e9n\u00e9ration\\\" Inc.\",\"isPartOf\":{\"@id\":\"https:\\\/\\\/www.monsieurcrepi.com\\\/#website\"},\"datePublished\":\"2018-09-26T01:44:47+00:00\",\"dateModified\":\"2021-02-18T18:19:41+00:00\",\"description\":\"Parging is essential for a healthy foundation, plus it greatly improves the appearance of your home. Call us at (514) 347-8922\",\"breadcrumb\":{\"@id\":\"https:\\\/\\\/www.monsieurcrepi.com\\\/en\\\/parging-coating\\\/#breadcrumb\"},\"inLanguage\":\"en-US\",\"potentialAction\":[{\"@type\":\"ReadAction\",\"target\":[\"https:\\\/\\\/www.monsieurcrepi.com\\\/en\\\/parging-coating\\\/\"]}]},{\"@type\":\"BreadcrumbList\",\"@id\":\"https:\\\/\\\/www.monsieurcrepi.com\\\/en\\\/parging-coating\\\/#breadcrumb\",\"itemListElement\":[{\"@type\":\"ListItem\",\"position\":1,\"name\":\"Home\",\"item\":\"https:\\\/\\\/www.monsieurcrepi.com\\\/en\\\/\"},{\"@type\":\"ListItem\",\"position\":2,\"name\":\"Parging coating\"}]},{\"@type\":\"WebSite\",\"@id\":\"https:\\\/\\\/www.monsieurcrepi.com\\\/#website\",\"url\":\"https:\\\/\\\/www.monsieurcrepi.com\\\/\",\"name\":\"Monsieur Cr\u00e9pi\",\"description\":\"\",\"potentialAction\":[{\"@type\":\"SearchAction\",\"target\":{\"@type\":\"EntryPoint\",\"urlTemplate\":\"https:\\\/\\\/www.monsieurcrepi.com\\\/?s={search_term_string}\"},\"query-input\":{\"@type\":\"PropertyValueSpecification\",\"valueRequired\":true,\"valueName\":\"search_term_string\"}}],\"inLanguage\":\"en-US\"}]}<\/script>\n<!-- \/ Yoast SEO plugin. -->","yoast_head_json":{"title":"Parging | Monsieur Cr\u00e9pi \"Nouvelle G\u00e9n\u00e9ration\" Inc.","description":"Parging is essential for a healthy foundation, plus it greatly improves the appearance of your home. Call us at (514) 347-8922","robots":{"index":"index","follow":"follow","max-snippet":"max-snippet:-1","max-image-preview":"max-image-preview:large","max-video-preview":"max-video-preview:-1"},"canonical":"https:\/\/www.monsieurcrepi.com\/en\/parging-coating\/","og_locale":"en_US","og_type":"article","og_title":"Parging | Monsieur Cr\u00e9pi \"Nouvelle G\u00e9n\u00e9ration\" Inc.","og_description":"Parging is essential for a healthy foundation, plus it greatly improves the appearance of your home. Call us at (514) 347-8922","og_url":"https:\/\/www.monsieurcrepi.com\/en\/parging-coating\/","og_site_name":"Monsieur Cr\u00e9pi","article_modified_time":"2021-02-18T18:19:41+00:00","og_image":[{"url":"https:\/\/www.monsieurcrepi.com\/wp-content\/uploads\/P5020001-Before.jpg","type":"","width":"","height":""}],"twitter_misc":{"Est. reading time":"1 minute"},"schema":{"@context":"https:\/\/schema.org","@graph":[{"@type":"WebPage","@id":"https:\/\/www.monsieurcrepi.com\/en\/parging-coating\/","url":"https:\/\/www.monsieurcrepi.com\/en\/parging-coating\/","name":"Parging | Monsieur Cr\u00e9pi \"Nouvelle G\u00e9n\u00e9ration\" Inc.","isPartOf":{"@id":"https:\/\/www.monsieurcrepi.com\/#website"},"datePublished":"2018-09-26T01:44:47+00:00","dateModified":"2021-02-18T18:19:41+00:00","description":"Parging is essential for a healthy foundation, plus it greatly improves the appearance of your home. Call us at (514) 347-8922","breadcrumb":{"@id":"https:\/\/www.monsieurcrepi.com\/en\/parging-coating\/#breadcrumb"},"inLanguage":"en-US","potentialAction":[{"@type":"ReadAction","target":["https:\/\/www.monsieurcrepi.com\/en\/parging-coating\/"]}]},{"@type":"BreadcrumbList","@id":"https:\/\/www.monsieurcrepi.com\/en\/parging-coating\/#breadcrumb","itemListElement":[{"@type":"ListItem","position":1,"name":"Home","item":"https:\/\/www.monsieurcrepi.com\/en\/"},{"@type":"ListItem","position":2,"name":"Parging coating"}]},{"@type":"WebSite","@id":"https:\/\/www.monsieurcrepi.com\/#website","url":"https:\/\/www.monsieurcrepi.com\/","name":"Monsieur Cr\u00e9pi","description":"","potentialAction":[{"@type":"SearchAction","target":{"@type":"EntryPoint","urlTemplate":"https:\/\/www.monsieurcrepi.com\/?s={search_term_string}"},"query-input":{"@type":"PropertyValueSpecification","valueRequired":true,"valueName":"search_term_string"}}],"inLanguage":"en-US"}]}},"_links":{"self":[{"href":"https:\/\/www.monsieurcrepi.com\/en\/wp-json\/wp\/v2\/pages\/1139","targetHints":{"allow":["GET"]}}],"collection":[{"href":"https:\/\/www.monsieurcrepi.com\/en\/wp-json\/wp\/v2\/pages"}],"about":[{"href":"https:\/\/www.monsieurcrepi.com\/en\/wp-json\/wp\/v2\/types\/page"}],"author":[{"embeddable":true,"href":"https:\/\/www.monsieurcrepi.com\/en\/wp-json\/wp\/v2\/users\/8"}],"replies":[{"embeddable":true,"href":"https:\/\/www.monsieurcrepi.com\/en\/wp-json\/wp\/v2\/comments?post=1139"}],"version-history":[{"count":6,"href":"https:\/\/www.monsieurcrepi.com\/en\/wp-json\/wp\/v2\/pages\/1139\/revisions"}],"predecessor-version":[{"id":4091,"href":"https:\/\/www.monsieurcrepi.com\/en\/wp-json\/wp\/v2\/pages\/1139\/revisions\/4091"}],"wp:attachment":[{"href":"https:\/\/www.monsieurcrepi.com\/en\/wp-json\/wp\/v2\/media?parent=1139"}],"curies":[{"name":"wp","href":"https:\/\/api.w.org\/{rel}","templated":true}]}}