{"id":1135,"date":"2018-05-29T11:05:03","date_gmt":"2018-05-29T16:05:03","guid":{"rendered":"https:\/\/www.monsieurcrepi.com\/?page_id=1135"},"modified":"2021-02-23T15:16:06","modified_gmt":"2021-02-23T20:16:06","slug":"resurfacing","status":"publish","type":"page","link":"https:\/\/www.monsieurcrepi.com\/en\/resurfacing\/","title":{"rendered":"Resurfacing"},"content":{"rendered":"<h1>Concrete Resurfacing<\/h1>\n<h2>Concrete resurfacing: stairs and porch<\/h2>\n<p>Your concrete stairs are exposed to years of harsh weather and they&#8217;ll naturally damage over time. There&#8217;s no need to destroy the porch structure in order to strengthen and revamp. A proper repair job, executed with technique and finesse, will improve look, resistance and overall strength. <\/p>\n<p><strong>Concrete resurfacing<\/strong> basically means removing dry, damaged and cracked concrete, in order to expose the healthy undercoat. We use a 3000 lbs pressure cleaner, then apply high resistance polymer concrete(Sika products). The final polish is executed with a sponge. <\/p>\n<div class=\"avant-apres bjm-three-wide\">\n<img decoding=\"async\" src=\"http:\/\/www.monsieurcrepi.com\/wp-content\/uploads\/resurfacage-escalier-perron-opt.jpg\" alt=\"resurfa\u00e7age d\u2019escalier et de perron\"  \/><img decoding=\"async\" src=\"http:\/\/www.monsieurcrepi.com\/wp-content\/uploads\/resurfacage-escalier-perron-2-opt.jpg\" alt=\"resurfa\u00e7age d\u2019escalier et de perron\"  \/><img decoding=\"async\" src=\"http:\/\/www.monsieurcrepi.com\/wp-content\/uploads\/resurfacage-escalier-perron-3-opt.jpg\" alt=\"resurfa\u00e7age d\u2019escalier et de perron\"  \/>\n<\/div>\n<p>We can also cover the surface with an acrylic sealer that offers better resistance. We&#8217;re  specialists and we know what works best. <\/p>\n<p>We use ADEX acrylic coating on floors. It&#8217;s a quality product that gives beauty and value to residential, commercial or industrial structures.<\/p>\n<p>After a thorough cleaning of the surface, we apply <strong>SIKA coating<\/strong> with a trowel; we sponge everything smooth, and then let it dry. <\/p>\n<p>If the damage is limited to a specific area, simply located in a few spots, we&#8217;ll opt for simple surface refinishing. We&#8217;ll clean and grind surfaces in order to make sure the finish is smooth and perfectly uniform. <\/p>\n<p>The same thing applies to crevasses that are caused by rusted rebar when the concrete is poured and later exposed <\/p>\n<p>After a deep cleanse, we apply the <em>coating<\/em> with a trowel, then sponge and let dry. <\/p>\n<h2 class=\"title-n-button\">Your outdoor steps can look new again, thanks to perfect resurfacing. We&#8217;re often told that porches look better than they did originally, after we&#8217;ve worked our magic! <\/h2>\n<h2>Resurfacing products used<\/h2>\n<h4>Texnov | Acrylic coating designed for concrete<\/h4>\n<p style=\"margin-top: 4px; padding-top: 0px;\"><a href=\"http:\/\/www.stef.cc\/Texnov\/Informations.html\" target=\"_blank\" rel=\"noopener\">Discover its advantages!<\/a><\/p>\n<div class=\"avant-apres\"><img decoding=\"async\" src=\"\/wp-content\/uploads\/resurfacage-escalier-enduit-acrylique-avant-opt.jpg\" alt=\"resurfa\u00e7age d\u2019escaliers avec enduit d\u2019acrylique - avant\" \/><img decoding=\"async\" src=\"\/wp-content\/uploads\/resurfacage-escalier-enduit-acrylique-apres-opt.jpg\" alt=\"resurfa\u00e7age d\u2019escaliers avec enduit d\u2019acrylique - apr\u00e8s\" \/><\/div>\n","protected":false},"excerpt":{"rendered":"<p>Concrete Resurfacing Concrete resurfacing: stairs and porch Your concrete stairs are exposed to years of harsh weather and they&#8217;ll naturally damage over time. There&#8217;s no need to destroy the porch structure in order to strengthen and revamp. A proper repair<span class=\"ellipsis\">&hellip;<\/span><\/p>\n<div class=\"read-more\"><a href=\"https:\/\/www.monsieurcrepi.com\/en\/resurfacing\/\">Read more &#8250;<\/a><\/div>\n<p><!-- end of .read-more --><\/p>\n","protected":false},"author":8,"featured_media":0,"parent":0,"menu_order":0,"comment_status":"closed","ping_status":"closed","template":"","meta":{"footnotes":""},"class_list":["post-1135","page","type-page","status-publish","hentry"],"yoast_head":"<!-- This site is optimized with the Yoast SEO plugin v27.5 - https:\/\/yoast.com\/product\/yoast-seo-wordpress\/ -->\n<title>Concrete resurfacing: Stairs - Porch - Pool| Monsieur Cr\u00e9pi &quot;Nouvelle G\u00e9n\u00e9ration&quot; Inc.<\/title>\n<meta name=\"description\" content=\"Concrete resurfacing helps breathe new life, into your foundation, stairs or porch, while also ensuring durability. Call (514) 347-8922\" \/>\n<meta name=\"robots\" content=\"index, follow, max-snippet:-1, max-image-preview:large, max-video-preview:-1\" \/>\n<link rel=\"canonical\" href=\"https:\/\/www.monsieurcrepi.com\/en\/resurfacing\/\" \/>\n<meta property=\"og:locale\" content=\"en_US\" \/>\n<meta property=\"og:type\" content=\"article\" \/>\n<meta property=\"og:title\" content=\"Concrete resurfacing: Stairs - Porch - Pool| Monsieur Cr\u00e9pi &quot;Nouvelle G\u00e9n\u00e9ration&quot; Inc.\" \/>\n<meta property=\"og:description\" content=\"Concrete resurfacing helps breathe new life, into your foundation, stairs or porch, while also ensuring durability. Call (514) 347-8922\" \/>\n<meta property=\"og:url\" content=\"https:\/\/www.monsieurcrepi.com\/en\/resurfacing\/\" \/>\n<meta property=\"og:site_name\" content=\"Monsieur Cr\u00e9pi\" \/>\n<meta property=\"article:modified_time\" content=\"2021-02-23T20:16:06+00:00\" \/>\n<meta property=\"og:image\" content=\"http:\/\/www.monsieurcrepi.com\/wp-content\/uploads\/resurfacage-escalier-perron-opt.jpg\" \/>\n<meta name=\"twitter:label1\" content=\"Est. reading time\" \/>\n\t<meta name=\"twitter:data1\" content=\"1 minute\" \/>\n<script type=\"application\/ld+json\" class=\"yoast-schema-graph\">{\"@context\":\"https:\\\/\\\/schema.org\",\"@graph\":[{\"@type\":\"WebPage\",\"@id\":\"https:\\\/\\\/www.monsieurcrepi.com\\\/en\\\/resurfacing\\\/\",\"url\":\"https:\\\/\\\/www.monsieurcrepi.com\\\/en\\\/resurfacing\\\/\",\"name\":\"Concrete resurfacing: Stairs - Porch - Pool| Monsieur Cr\u00e9pi \\\"Nouvelle G\u00e9n\u00e9ration\\\" Inc.\",\"isPartOf\":{\"@id\":\"https:\\\/\\\/www.monsieurcrepi.com\\\/#website\"},\"primaryImageOfPage\":{\"@id\":\"https:\\\/\\\/www.monsieurcrepi.com\\\/en\\\/resurfacing\\\/#primaryimage\"},\"image\":{\"@id\":\"https:\\\/\\\/www.monsieurcrepi.com\\\/en\\\/resurfacing\\\/#primaryimage\"},\"thumbnailUrl\":\"http:\\\/\\\/www.monsieurcrepi.com\\\/wp-content\\\/uploads\\\/resurfacage-escalier-perron-opt.jpg\",\"datePublished\":\"2018-05-29T16:05:03+00:00\",\"dateModified\":\"2021-02-23T20:16:06+00:00\",\"description\":\"Concrete resurfacing helps breathe new life, into your foundation, stairs or porch, while also ensuring durability. Call (514) 347-8922\",\"breadcrumb\":{\"@id\":\"https:\\\/\\\/www.monsieurcrepi.com\\\/en\\\/resurfacing\\\/#breadcrumb\"},\"inLanguage\":\"en-US\",\"potentialAction\":[{\"@type\":\"ReadAction\",\"target\":[\"https:\\\/\\\/www.monsieurcrepi.com\\\/en\\\/resurfacing\\\/\"]}]},{\"@type\":\"ImageObject\",\"inLanguage\":\"en-US\",\"@id\":\"https:\\\/\\\/www.monsieurcrepi.com\\\/en\\\/resurfacing\\\/#primaryimage\",\"url\":\"http:\\\/\\\/www.monsieurcrepi.com\\\/wp-content\\\/uploads\\\/resurfacage-escalier-perron-opt.jpg\",\"contentUrl\":\"http:\\\/\\\/www.monsieurcrepi.com\\\/wp-content\\\/uploads\\\/resurfacage-escalier-perron-opt.jpg\"},{\"@type\":\"BreadcrumbList\",\"@id\":\"https:\\\/\\\/www.monsieurcrepi.com\\\/en\\\/resurfacing\\\/#breadcrumb\",\"itemListElement\":[{\"@type\":\"ListItem\",\"position\":1,\"name\":\"Home\",\"item\":\"https:\\\/\\\/www.monsieurcrepi.com\\\/en\\\/\"},{\"@type\":\"ListItem\",\"position\":2,\"name\":\"Resurfacing\"}]},{\"@type\":\"WebSite\",\"@id\":\"https:\\\/\\\/www.monsieurcrepi.com\\\/#website\",\"url\":\"https:\\\/\\\/www.monsieurcrepi.com\\\/\",\"name\":\"Monsieur Cr\u00e9pi\",\"description\":\"\",\"potentialAction\":[{\"@type\":\"SearchAction\",\"target\":{\"@type\":\"EntryPoint\",\"urlTemplate\":\"https:\\\/\\\/www.monsieurcrepi.com\\\/?s={search_term_string}\"},\"query-input\":{\"@type\":\"PropertyValueSpecification\",\"valueRequired\":true,\"valueName\":\"search_term_string\"}}],\"inLanguage\":\"en-US\"}]}<\/script>\n<!-- \/ Yoast SEO plugin. -->","yoast_head_json":{"title":"Concrete resurfacing: Stairs - Porch - Pool| Monsieur Cr\u00e9pi \"Nouvelle G\u00e9n\u00e9ration\" Inc.","description":"Concrete resurfacing helps breathe new life, into your foundation, stairs or porch, while also ensuring durability. Call (514) 347-8922","robots":{"index":"index","follow":"follow","max-snippet":"max-snippet:-1","max-image-preview":"max-image-preview:large","max-video-preview":"max-video-preview:-1"},"canonical":"https:\/\/www.monsieurcrepi.com\/en\/resurfacing\/","og_locale":"en_US","og_type":"article","og_title":"Concrete resurfacing: Stairs - Porch - Pool| Monsieur Cr\u00e9pi \"Nouvelle G\u00e9n\u00e9ration\" Inc.","og_description":"Concrete resurfacing helps breathe new life, into your foundation, stairs or porch, while also ensuring durability. Call (514) 347-8922","og_url":"https:\/\/www.monsieurcrepi.com\/en\/resurfacing\/","og_site_name":"Monsieur Cr\u00e9pi","article_modified_time":"2021-02-23T20:16:06+00:00","og_image":[{"url":"http:\/\/www.monsieurcrepi.com\/wp-content\/uploads\/resurfacage-escalier-perron-opt.jpg","type":"","width":"","height":""}],"twitter_misc":{"Est. reading time":"1 minute"},"schema":{"@context":"https:\/\/schema.org","@graph":[{"@type":"WebPage","@id":"https:\/\/www.monsieurcrepi.com\/en\/resurfacing\/","url":"https:\/\/www.monsieurcrepi.com\/en\/resurfacing\/","name":"Concrete resurfacing: Stairs - Porch - Pool| Monsieur Cr\u00e9pi \"Nouvelle G\u00e9n\u00e9ration\" Inc.","isPartOf":{"@id":"https:\/\/www.monsieurcrepi.com\/#website"},"primaryImageOfPage":{"@id":"https:\/\/www.monsieurcrepi.com\/en\/resurfacing\/#primaryimage"},"image":{"@id":"https:\/\/www.monsieurcrepi.com\/en\/resurfacing\/#primaryimage"},"thumbnailUrl":"http:\/\/www.monsieurcrepi.com\/wp-content\/uploads\/resurfacage-escalier-perron-opt.jpg","datePublished":"2018-05-29T16:05:03+00:00","dateModified":"2021-02-23T20:16:06+00:00","description":"Concrete resurfacing helps breathe new life, into your foundation, stairs or porch, while also ensuring durability. Call (514) 347-8922","breadcrumb":{"@id":"https:\/\/www.monsieurcrepi.com\/en\/resurfacing\/#breadcrumb"},"inLanguage":"en-US","potentialAction":[{"@type":"ReadAction","target":["https:\/\/www.monsieurcrepi.com\/en\/resurfacing\/"]}]},{"@type":"ImageObject","inLanguage":"en-US","@id":"https:\/\/www.monsieurcrepi.com\/en\/resurfacing\/#primaryimage","url":"http:\/\/www.monsieurcrepi.com\/wp-content\/uploads\/resurfacage-escalier-perron-opt.jpg","contentUrl":"http:\/\/www.monsieurcrepi.com\/wp-content\/uploads\/resurfacage-escalier-perron-opt.jpg"},{"@type":"BreadcrumbList","@id":"https:\/\/www.monsieurcrepi.com\/en\/resurfacing\/#breadcrumb","itemListElement":[{"@type":"ListItem","position":1,"name":"Home","item":"https:\/\/www.monsieurcrepi.com\/en\/"},{"@type":"ListItem","position":2,"name":"Resurfacing"}]},{"@type":"WebSite","@id":"https:\/\/www.monsieurcrepi.com\/#website","url":"https:\/\/www.monsieurcrepi.com\/","name":"Monsieur Cr\u00e9pi","description":"","potentialAction":[{"@type":"SearchAction","target":{"@type":"EntryPoint","urlTemplate":"https:\/\/www.monsieurcrepi.com\/?s={search_term_string}"},"query-input":{"@type":"PropertyValueSpecification","valueRequired":true,"valueName":"search_term_string"}}],"inLanguage":"en-US"}]}},"_links":{"self":[{"href":"https:\/\/www.monsieurcrepi.com\/en\/wp-json\/wp\/v2\/pages\/1135","targetHints":{"allow":["GET"]}}],"collection":[{"href":"https:\/\/www.monsieurcrepi.com\/en\/wp-json\/wp\/v2\/pages"}],"about":[{"href":"https:\/\/www.monsieurcrepi.com\/en\/wp-json\/wp\/v2\/types\/page"}],"author":[{"embeddable":true,"href":"https:\/\/www.monsieurcrepi.com\/en\/wp-json\/wp\/v2\/users\/8"}],"replies":[{"embeddable":true,"href":"https:\/\/www.monsieurcrepi.com\/en\/wp-json\/wp\/v2\/comments?post=1135"}],"version-history":[{"count":8,"href":"https:\/\/www.monsieurcrepi.com\/en\/wp-json\/wp\/v2\/pages\/1135\/revisions"}],"predecessor-version":[{"id":4151,"href":"https:\/\/www.monsieurcrepi.com\/en\/wp-json\/wp\/v2\/pages\/1135\/revisions\/4151"}],"wp:attachment":[{"href":"https:\/\/www.monsieurcrepi.com\/en\/wp-json\/wp\/v2\/media?parent=1135"}],"curies":[{"name":"wp","href":"https:\/\/api.w.org\/{rel}","templated":true}]}}