{"id":1132,"date":"2018-09-25T20:41:33","date_gmt":"2018-09-26T01:41:33","guid":{"rendered":"https:\/\/www.monsieurcrepi.com\/?page_id=1132"},"modified":"2021-02-22T12:01:35","modified_gmt":"2021-02-22T17:01:35","slug":"parging-restauration","status":"publish","type":"page","link":"https:\/\/www.monsieurcrepi.com\/en\/parging-restauration\/","title":{"rendered":"Parging repair"},"content":{"rendered":"<h1>Parging restoration for your home<\/h1>\n<h2>If you suddenly notice cracks, weaknesses, ageing or breaks in your parge, there are several solutions you can consider.<\/h2>\n<p>Our experts have seen it all, and can recommend the ideal method and product, to protect your home&#8217;s foundation.<\/p>\n<div class=\"avant-apres\"><img decoding=\"async\" title=\"Avant\" src=\"\/wp-content\/uploads\/reparation-crepi-avant-opt.jpg\" alt=\"r\u00e9paration de cr\u00e9pi - avant\" \/><img decoding=\"async\" title=\"Apr\u00e8s\" src=\"\/wp-content\/uploads\/reparation-crepi-apres-opt.jpg\" alt=\"r\u00e9paration de cr\u00e9pi - apr\u00e8s\" \/><\/div>\n<h2>Limited damage<\/h2>\n<p>If you&#8217;re dealing with superficial cracks, using an immediate sealer will help avoid water infiltration that could cause more substantial damages. If you have small cracks, limited, scattered detachments or damaged corners, our professionals will opt for parging that will smooth out the surface. We use fast-acting repair concrete that allows us to finish our work on the same day, rendering fast, efficient results.<\/p>\n<div class=\"avant-apres\"><img decoding=\"async\" class=\"alignnone\" title=\"Avant\" src=\"\/wp-content\/uploads\/reparation-crepi-endommage-avant-opt.jpg\" alt=\"r\u00e9paration de cr\u00e9pi endommag\u00e9 - apr\u00e8s\" width=\"1600\" height=\"1200\" \/><img decoding=\"async\" class=\"alignnone\" title=\"Apr\u00e8s\" src=\"\/wp-content\/uploads\/reparation-crepi-endommage-apres-opt.jpg\" alt=\"r\u00e9paration de cr\u00e9pi endommag\u00e9 - avant\" width=\"1600\" height=\"1200\" \/><\/div>\n<h2>Major damage<\/h2>\n<p>When damages are major, we&#8217;ll go for a more substantial parging project. What does this mean exactly? Well first, we&#8217;ll remove the necessary outer crust, without damaging the building&#8217;s structure. This helps make sure we start with a clean slate. We then proceed with a complete, new parging layer.<\/p>\n<p>Whatever repair work is needed, our team guarantees aesthetic, durable results, total satisfaction and increased property value.<\/p>\n<div class=\"avant-apres\"><img decoding=\"async\" title=\"Avant\" src=\"\/wp-content\/uploads\/reparation-crepi-fondation-avant-1-opt.jpg\" alt=\"r\u00e9paration de cr\u00e9pi de fondation - avant\" \/><img decoding=\"async\" title=\"Apr\u00e8s\" src=\"\/wp-content\/uploads\/reparation-crepi-fondation-apres-1-opt.jpg\" alt=\"r\u00e9paration de cr\u00e9pi de fondation - apr\u00e8s\" \/><\/div>\n<div class=\"avant-apres\"><img decoding=\"async\" title=\"Avant\" src=\"\/wp-content\/uploads\/reparation-crepi-fondation-avant-2-opt.jpg\" alt=\"r\u00e9paration de cr\u00e9pi de fondation - avant\" \/><img decoding=\"async\" title=\"Apr\u00e8s\" src=\"\/wp-content\/uploads\/reparation-crepi-fondation-apres-2-opt.jpg\" alt=\"r\u00e9paration de cr\u00e9pi de fondation - apr\u00e8s\" \/><\/div>\n<div class=\"avant-apres\"><img decoding=\"async\" title=\"Avant\" src=\"\/wp-content\/uploads\/reparation-beton-fondation-crepi-avant-1-opt.jpg\" alt=\"r\u00e9paration de cr\u00e9pi de fondation - avant\" \/><img decoding=\"async\" title=\"Apr\u00e8s\" src=\"\/wp-content\/uploads\/reparation-beton-fondation-crepi-apres-1-opt.jpg\" alt=\"r\u00e9paration de cr\u00e9pi de fondation - apr\u00e8s\" \/><\/div>\n<h2>Painting. Yes or no?<\/h2>\n<p>If you&#8217;d like to match your home&#8217;s foundation with the rest of its surfacing, we recommend using a color coating for cement that will harmonizes, instead of opting to paint your parge. Painting the foundation can increase the risk of retaining humidity and diminish adhesion. Better to be safe, than sorry<\/p>\n<h2 class=\"title-n-button\" style=\"text-align: center;\">Renovating can increase property value and improve quality of life.<br \/>\n<a class=\"no-float\" href=\"\/en\/achievements\/\">Discover some of our work<\/a><\/h2>\n","protected":false},"excerpt":{"rendered":"<p>Parging restoration for your home If you suddenly notice cracks, weaknesses, ageing or breaks in your parge, there are several solutions you can consider. Our experts have seen it all, and can recommend the ideal method and product, to protect<span class=\"ellipsis\">&hellip;<\/span><\/p>\n<div class=\"read-more\"><a href=\"https:\/\/www.monsieurcrepi.com\/en\/parging-restauration\/\">Read more &#8250;<\/a><\/div>\n<p><!-- end of .read-more --><\/p>\n","protected":false},"author":8,"featured_media":0,"parent":0,"menu_order":0,"comment_status":"closed","ping_status":"closed","template":"","meta":{"footnotes":""},"class_list":["post-1132","page","type-page","status-publish","hentry"],"yoast_head":"<!-- This site is optimized with the Yoast SEO plugin v27.5 - https:\/\/yoast.com\/product\/yoast-seo-wordpress\/ -->\n<title>Parging restoration | Monsieur Cr\u00e9pi &quot;Nouvelle G\u00e9n\u00e9ration&quot; Inc.<\/title>\n<meta name=\"description\" content=\"Our experts will guide you in choosing the best parging restoration, based on the current condition of your foundation. Call us at (514) 347-8922\" \/>\n<meta name=\"robots\" content=\"index, follow, max-snippet:-1, max-image-preview:large, max-video-preview:-1\" \/>\n<link rel=\"canonical\" href=\"https:\/\/www.monsieurcrepi.com\/en\/parging-restauration\/\" \/>\n<meta property=\"og:locale\" content=\"en_US\" \/>\n<meta property=\"og:type\" content=\"article\" \/>\n<meta property=\"og:title\" content=\"Parging restoration | Monsieur Cr\u00e9pi &quot;Nouvelle G\u00e9n\u00e9ration&quot; Inc.\" \/>\n<meta property=\"og:description\" content=\"Our experts will guide you in choosing the best parging restoration, based on the current condition of your foundation. Call us at (514) 347-8922\" \/>\n<meta property=\"og:url\" content=\"https:\/\/www.monsieurcrepi.com\/en\/parging-restauration\/\" \/>\n<meta property=\"og:site_name\" content=\"Monsieur Cr\u00e9pi\" \/>\n<meta property=\"article:modified_time\" content=\"2021-02-22T17:01:35+00:00\" \/>\n<meta property=\"og:image\" content=\"https:\/\/www.monsieurcrepi.com\/wp-content\/uploads\/reparation-crepi-avant-opt.jpg\" \/>\n<meta name=\"twitter:label1\" content=\"Est. reading time\" \/>\n\t<meta name=\"twitter:data1\" content=\"1 minute\" \/>\n<script type=\"application\/ld+json\" class=\"yoast-schema-graph\">{\"@context\":\"https:\\\/\\\/schema.org\",\"@graph\":[{\"@type\":\"WebPage\",\"@id\":\"https:\\\/\\\/www.monsieurcrepi.com\\\/en\\\/parging-restauration\\\/\",\"url\":\"https:\\\/\\\/www.monsieurcrepi.com\\\/en\\\/parging-restauration\\\/\",\"name\":\"Parging restoration | Monsieur Cr\u00e9pi \\\"Nouvelle G\u00e9n\u00e9ration\\\" Inc.\",\"isPartOf\":{\"@id\":\"https:\\\/\\\/www.monsieurcrepi.com\\\/#website\"},\"datePublished\":\"2018-09-26T01:41:33+00:00\",\"dateModified\":\"2021-02-22T17:01:35+00:00\",\"description\":\"Our experts will guide you in choosing the best parging restoration, based on the current condition of your foundation. Call us at (514) 347-8922\",\"breadcrumb\":{\"@id\":\"https:\\\/\\\/www.monsieurcrepi.com\\\/en\\\/parging-restauration\\\/#breadcrumb\"},\"inLanguage\":\"en-US\",\"potentialAction\":[{\"@type\":\"ReadAction\",\"target\":[\"https:\\\/\\\/www.monsieurcrepi.com\\\/en\\\/parging-restauration\\\/\"]}]},{\"@type\":\"BreadcrumbList\",\"@id\":\"https:\\\/\\\/www.monsieurcrepi.com\\\/en\\\/parging-restauration\\\/#breadcrumb\",\"itemListElement\":[{\"@type\":\"ListItem\",\"position\":1,\"name\":\"Home\",\"item\":\"https:\\\/\\\/www.monsieurcrepi.com\\\/en\\\/\"},{\"@type\":\"ListItem\",\"position\":2,\"name\":\"Parging repair\"}]},{\"@type\":\"WebSite\",\"@id\":\"https:\\\/\\\/www.monsieurcrepi.com\\\/#website\",\"url\":\"https:\\\/\\\/www.monsieurcrepi.com\\\/\",\"name\":\"Monsieur Cr\u00e9pi\",\"description\":\"\",\"potentialAction\":[{\"@type\":\"SearchAction\",\"target\":{\"@type\":\"EntryPoint\",\"urlTemplate\":\"https:\\\/\\\/www.monsieurcrepi.com\\\/?s={search_term_string}\"},\"query-input\":{\"@type\":\"PropertyValueSpecification\",\"valueRequired\":true,\"valueName\":\"search_term_string\"}}],\"inLanguage\":\"en-US\"}]}<\/script>\n<!-- \/ Yoast SEO plugin. -->","yoast_head_json":{"title":"Parging restoration | Monsieur Cr\u00e9pi \"Nouvelle G\u00e9n\u00e9ration\" Inc.","description":"Our experts will guide you in choosing the best parging restoration, based on the current condition of your foundation. Call us at (514) 347-8922","robots":{"index":"index","follow":"follow","max-snippet":"max-snippet:-1","max-image-preview":"max-image-preview:large","max-video-preview":"max-video-preview:-1"},"canonical":"https:\/\/www.monsieurcrepi.com\/en\/parging-restauration\/","og_locale":"en_US","og_type":"article","og_title":"Parging restoration | Monsieur Cr\u00e9pi \"Nouvelle G\u00e9n\u00e9ration\" Inc.","og_description":"Our experts will guide you in choosing the best parging restoration, based on the current condition of your foundation. Call us at (514) 347-8922","og_url":"https:\/\/www.monsieurcrepi.com\/en\/parging-restauration\/","og_site_name":"Monsieur Cr\u00e9pi","article_modified_time":"2021-02-22T17:01:35+00:00","og_image":[{"url":"https:\/\/www.monsieurcrepi.com\/wp-content\/uploads\/reparation-crepi-avant-opt.jpg","type":"","width":"","height":""}],"twitter_misc":{"Est. reading time":"1 minute"},"schema":{"@context":"https:\/\/schema.org","@graph":[{"@type":"WebPage","@id":"https:\/\/www.monsieurcrepi.com\/en\/parging-restauration\/","url":"https:\/\/www.monsieurcrepi.com\/en\/parging-restauration\/","name":"Parging restoration | Monsieur Cr\u00e9pi \"Nouvelle G\u00e9n\u00e9ration\" Inc.","isPartOf":{"@id":"https:\/\/www.monsieurcrepi.com\/#website"},"datePublished":"2018-09-26T01:41:33+00:00","dateModified":"2021-02-22T17:01:35+00:00","description":"Our experts will guide you in choosing the best parging restoration, based on the current condition of your foundation. Call us at (514) 347-8922","breadcrumb":{"@id":"https:\/\/www.monsieurcrepi.com\/en\/parging-restauration\/#breadcrumb"},"inLanguage":"en-US","potentialAction":[{"@type":"ReadAction","target":["https:\/\/www.monsieurcrepi.com\/en\/parging-restauration\/"]}]},{"@type":"BreadcrumbList","@id":"https:\/\/www.monsieurcrepi.com\/en\/parging-restauration\/#breadcrumb","itemListElement":[{"@type":"ListItem","position":1,"name":"Home","item":"https:\/\/www.monsieurcrepi.com\/en\/"},{"@type":"ListItem","position":2,"name":"Parging repair"}]},{"@type":"WebSite","@id":"https:\/\/www.monsieurcrepi.com\/#website","url":"https:\/\/www.monsieurcrepi.com\/","name":"Monsieur Cr\u00e9pi","description":"","potentialAction":[{"@type":"SearchAction","target":{"@type":"EntryPoint","urlTemplate":"https:\/\/www.monsieurcrepi.com\/?s={search_term_string}"},"query-input":{"@type":"PropertyValueSpecification","valueRequired":true,"valueName":"search_term_string"}}],"inLanguage":"en-US"}]}},"_links":{"self":[{"href":"https:\/\/www.monsieurcrepi.com\/en\/wp-json\/wp\/v2\/pages\/1132","targetHints":{"allow":["GET"]}}],"collection":[{"href":"https:\/\/www.monsieurcrepi.com\/en\/wp-json\/wp\/v2\/pages"}],"about":[{"href":"https:\/\/www.monsieurcrepi.com\/en\/wp-json\/wp\/v2\/types\/page"}],"author":[{"embeddable":true,"href":"https:\/\/www.monsieurcrepi.com\/en\/wp-json\/wp\/v2\/users\/8"}],"replies":[{"embeddable":true,"href":"https:\/\/www.monsieurcrepi.com\/en\/wp-json\/wp\/v2\/comments?post=1132"}],"version-history":[{"count":10,"href":"https:\/\/www.monsieurcrepi.com\/en\/wp-json\/wp\/v2\/pages\/1132\/revisions"}],"predecessor-version":[{"id":4135,"href":"https:\/\/www.monsieurcrepi.com\/en\/wp-json\/wp\/v2\/pages\/1132\/revisions\/4135"}],"wp:attachment":[{"href":"https:\/\/www.monsieurcrepi.com\/en\/wp-json\/wp\/v2\/media?parent=1132"}],"curies":[{"name":"wp","href":"https:\/\/api.w.org\/{rel}","templated":true}]}}