{"id":1126,"date":"2018-09-25T20:45:48","date_gmt":"2018-09-26T01:45:48","guid":{"rendered":"https:\/\/www.monsieurcrepi.com\/?page_id=1126"},"modified":"2018-09-28T13:46:48","modified_gmt":"2018-09-28T18:46:48","slug":"our-expertise","status":"publish","type":"page","link":"https:\/\/www.monsieurcrepi.com\/en\/our-expertise\/","title":{"rendered":"Our expertise"},"content":{"rendered":"<h1>Expert surfacing<\/h1>\n<p>Monsieur Cr\u00e9pi &#8220;Nouvelle G\u00e9n\u00e9ration&#8221; Inc.  We finish your parging on  your home with innovative skill, following the highest industry standards.  The knowledge and expertise we\u2019ve developed over the years allow us to offer innovative surfacing, both in application and appearance. <\/p>\n<p>We\u2019re excited to work with clients that prioritize quality, durability and harmony for all their surfacing projects.<\/p>\n<p>Monsieur Cr\u00e9pi &#8220;Nouvelle G\u00e9n\u00e9ration&#8221; Inc. is fully owned and operated by a seasoned father-son duo that provides great advice and expert craftsmenship.<\/p>\n\n\t\t<style type=\"text\/css\">\n\t\t\t#gallery-1 {\n\t\t\t\tmargin: auto;\n\t\t\t}\n\t\t\t#gallery-1 .gallery-item {\n\t\t\t\tfloat: left;\n\t\t\t\tmargin-top: 10px;\n\t\t\t\ttext-align: center;\n\t\t\t\twidth: 25%;\n\t\t\t}\n\t\t\t#gallery-1 img {\n\t\t\t\tborder: 2px solid #cfcfcf;\n\t\t\t}\n\t\t\t#gallery-1 .gallery-caption {\n\t\t\t\tmargin-left: 0;\n\t\t\t}\n\t\t\t\/* see gallery_shortcode() in wp-includes\/media.php *\/\n\t\t<\/style>\n\t\t<div id='gallery-1' class='gallery galleryid-1126 gallery-columns-4 gallery-size-large'><dl class='gallery-item'>\n\t\t\t<dt class='gallery-icon landscape'>\n\t\t\t\t<a title=\"expertise-monsieur-crepi.5\" href='https:\/\/www.monsieurcrepi.com\/wp-content\/uploads\/expertise-monsieur-crepi.5.jpg'><img decoding=\"async\" width=\"1024\" height=\"768\" src=\"https:\/\/www.monsieurcrepi.com\/wp-content\/uploads\/expertise-monsieur-crepi.5.jpg\" class=\"attachment-large size-large\" alt=\"\" \/><\/a>\n\t\t\t<\/dt><\/dl><dl class='gallery-item'>\n\t\t\t<dt class='gallery-icon landscape'>\n\t\t\t\t<a title=\"expertise-monsieur-crepi-4\" href='https:\/\/www.monsieurcrepi.com\/wp-content\/uploads\/expertise-monsieur-crepi-4.jpg'><img decoding=\"async\" width=\"1024\" height=\"768\" src=\"https:\/\/www.monsieurcrepi.com\/wp-content\/uploads\/expertise-monsieur-crepi-4.jpg\" class=\"attachment-large size-large\" alt=\"\" \/><\/a>\n\t\t\t<\/dt><\/dl><dl class='gallery-item'>\n\t\t\t<dt class='gallery-icon landscape'>\n\t\t\t\t<a title=\"expertise-monsieur-crepi-3\" href='https:\/\/www.monsieurcrepi.com\/wp-content\/uploads\/expertise-monsieur-crepi-3.jpg'><img decoding=\"async\" width=\"1024\" height=\"768\" src=\"https:\/\/www.monsieurcrepi.com\/wp-content\/uploads\/expertise-monsieur-crepi-3.jpg\" class=\"attachment-large size-large\" alt=\"\" \/><\/a>\n\t\t\t<\/dt><\/dl><dl class='gallery-item'>\n\t\t\t<dt class='gallery-icon landscape'>\n\t\t\t\t<a title=\"expertise-monsieur-crepi-2\" href='https:\/\/www.monsieurcrepi.com\/wp-content\/uploads\/expertise-monsieur-crepi-2.jpg'><img decoding=\"async\" width=\"1024\" height=\"768\" src=\"https:\/\/www.monsieurcrepi.com\/wp-content\/uploads\/expertise-monsieur-crepi-2.jpg\" class=\"attachment-large size-large\" alt=\"\" \/><\/a>\n\t\t\t<\/dt><\/dl><br style=\"clear: both\" \/>\n\t\t<\/div>\n\n","protected":false},"excerpt":{"rendered":"<p>Expert surfacing Monsieur Cr\u00e9pi &#8220;Nouvelle G\u00e9n\u00e9ration&#8221; Inc. We finish your parging on your home with innovative skill, following the highest industry standards. The knowledge and expertise we\u2019ve developed over the years allow us to offer innovative surfacing, both in application<span class=\"ellipsis\">&hellip;<\/span><\/p>\n<div class=\"read-more\"><a href=\"https:\/\/www.monsieurcrepi.com\/en\/our-expertise\/\">Read more &#8250;<\/a><\/div>\n<p><!-- end of .read-more --><\/p>\n","protected":false},"author":8,"featured_media":0,"parent":0,"menu_order":0,"comment_status":"closed","ping_status":"closed","template":"","meta":{"footnotes":""},"class_list":["post-1126","page","type-page","status-publish","hentry"],"yoast_head":"<!-- This site is optimized with the Yoast SEO plugin v27.5 - https:\/\/yoast.com\/product\/yoast-seo-wordpress\/ -->\n<title>Concrete and parging contractor | Monsieur Cr\u00e9pi &quot;Nouvelle G\u00e9n\u00e9ration&quot; Inc.<\/title>\n<meta name=\"description\" content=\"Monsieur Cr\u00e9pi &quot;Nouvelle G\u00e9n\u00e9ration&quot; Inc. The parging will be carried out with precision and to the standards of the industry. Call us at (514) 347-8922\" \/>\n<meta name=\"robots\" content=\"index, follow, max-snippet:-1, max-image-preview:large, max-video-preview:-1\" \/>\n<link rel=\"canonical\" href=\"https:\/\/www.monsieurcrepi.com\/en\/our-expertise\/\" \/>\n<meta property=\"og:locale\" content=\"en_US\" \/>\n<meta property=\"og:type\" content=\"article\" \/>\n<meta property=\"og:title\" content=\"Concrete and parging contractor | Monsieur Cr\u00e9pi &quot;Nouvelle G\u00e9n\u00e9ration&quot; Inc.\" \/>\n<meta property=\"og:description\" content=\"Monsieur Cr\u00e9pi &quot;Nouvelle G\u00e9n\u00e9ration&quot; Inc. The parging will be carried out with precision and to the standards of the industry. Call us at (514) 347-8922\" \/>\n<meta property=\"og:url\" content=\"https:\/\/www.monsieurcrepi.com\/en\/our-expertise\/\" \/>\n<meta property=\"og:site_name\" content=\"Monsieur Cr\u00e9pi\" \/>\n<meta property=\"article:modified_time\" content=\"2018-09-28T18:46:48+00:00\" \/>\n<meta property=\"og:image\" content=\"https:\/\/www.monsieurcrepi.com\/wp-content\/uploads\/expertise-monsieur-crepi.5.jpg\" \/>\n<script type=\"application\/ld+json\" class=\"yoast-schema-graph\">{\"@context\":\"https:\\\/\\\/schema.org\",\"@graph\":[{\"@type\":\"WebPage\",\"@id\":\"https:\\\/\\\/www.monsieurcrepi.com\\\/en\\\/our-expertise\\\/\",\"url\":\"https:\\\/\\\/www.monsieurcrepi.com\\\/en\\\/our-expertise\\\/\",\"name\":\"Concrete and parging contractor | Monsieur Cr\u00e9pi \\\"Nouvelle G\u00e9n\u00e9ration\\\" Inc.\",\"isPartOf\":{\"@id\":\"https:\\\/\\\/www.monsieurcrepi.com\\\/#website\"},\"datePublished\":\"2018-09-26T01:45:48+00:00\",\"dateModified\":\"2018-09-28T18:46:48+00:00\",\"description\":\"Monsieur Cr\u00e9pi \\\"Nouvelle G\u00e9n\u00e9ration\\\" Inc. The parging will be carried out with precision and to the standards of the industry. Call us at (514) 347-8922\",\"breadcrumb\":{\"@id\":\"https:\\\/\\\/www.monsieurcrepi.com\\\/en\\\/our-expertise\\\/#breadcrumb\"},\"inLanguage\":\"en-US\",\"potentialAction\":[{\"@type\":\"ReadAction\",\"target\":[\"https:\\\/\\\/www.monsieurcrepi.com\\\/en\\\/our-expertise\\\/\"]}]},{\"@type\":\"BreadcrumbList\",\"@id\":\"https:\\\/\\\/www.monsieurcrepi.com\\\/en\\\/our-expertise\\\/#breadcrumb\",\"itemListElement\":[{\"@type\":\"ListItem\",\"position\":1,\"name\":\"Home\",\"item\":\"https:\\\/\\\/www.monsieurcrepi.com\\\/en\\\/\"},{\"@type\":\"ListItem\",\"position\":2,\"name\":\"Our expertise\"}]},{\"@type\":\"WebSite\",\"@id\":\"https:\\\/\\\/www.monsieurcrepi.com\\\/#website\",\"url\":\"https:\\\/\\\/www.monsieurcrepi.com\\\/\",\"name\":\"Monsieur Cr\u00e9pi\",\"description\":\"\",\"potentialAction\":[{\"@type\":\"SearchAction\",\"target\":{\"@type\":\"EntryPoint\",\"urlTemplate\":\"https:\\\/\\\/www.monsieurcrepi.com\\\/?s={search_term_string}\"},\"query-input\":{\"@type\":\"PropertyValueSpecification\",\"valueRequired\":true,\"valueName\":\"search_term_string\"}}],\"inLanguage\":\"en-US\"}]}<\/script>\n<!-- \/ Yoast SEO plugin. -->","yoast_head_json":{"title":"Concrete and parging contractor | Monsieur Cr\u00e9pi \"Nouvelle G\u00e9n\u00e9ration\" Inc.","description":"Monsieur Cr\u00e9pi \"Nouvelle G\u00e9n\u00e9ration\" Inc. The parging will be carried out with precision and to the standards of the industry. Call us at (514) 347-8922","robots":{"index":"index","follow":"follow","max-snippet":"max-snippet:-1","max-image-preview":"max-image-preview:large","max-video-preview":"max-video-preview:-1"},"canonical":"https:\/\/www.monsieurcrepi.com\/en\/our-expertise\/","og_locale":"en_US","og_type":"article","og_title":"Concrete and parging contractor | Monsieur Cr\u00e9pi \"Nouvelle G\u00e9n\u00e9ration\" Inc.","og_description":"Monsieur Cr\u00e9pi \"Nouvelle G\u00e9n\u00e9ration\" Inc. The parging will be carried out with precision and to the standards of the industry. Call us at (514) 347-8922","og_url":"https:\/\/www.monsieurcrepi.com\/en\/our-expertise\/","og_site_name":"Monsieur Cr\u00e9pi","article_modified_time":"2018-09-28T18:46:48+00:00","og_image":[{"url":"https:\/\/www.monsieurcrepi.com\/wp-content\/uploads\/expertise-monsieur-crepi.5.jpg","type":"","width":"","height":""}],"schema":{"@context":"https:\/\/schema.org","@graph":[{"@type":"WebPage","@id":"https:\/\/www.monsieurcrepi.com\/en\/our-expertise\/","url":"https:\/\/www.monsieurcrepi.com\/en\/our-expertise\/","name":"Concrete and parging contractor | Monsieur Cr\u00e9pi \"Nouvelle G\u00e9n\u00e9ration\" Inc.","isPartOf":{"@id":"https:\/\/www.monsieurcrepi.com\/#website"},"datePublished":"2018-09-26T01:45:48+00:00","dateModified":"2018-09-28T18:46:48+00:00","description":"Monsieur Cr\u00e9pi \"Nouvelle G\u00e9n\u00e9ration\" Inc. The parging will be carried out with precision and to the standards of the industry. Call us at (514) 347-8922","breadcrumb":{"@id":"https:\/\/www.monsieurcrepi.com\/en\/our-expertise\/#breadcrumb"},"inLanguage":"en-US","potentialAction":[{"@type":"ReadAction","target":["https:\/\/www.monsieurcrepi.com\/en\/our-expertise\/"]}]},{"@type":"BreadcrumbList","@id":"https:\/\/www.monsieurcrepi.com\/en\/our-expertise\/#breadcrumb","itemListElement":[{"@type":"ListItem","position":1,"name":"Home","item":"https:\/\/www.monsieurcrepi.com\/en\/"},{"@type":"ListItem","position":2,"name":"Our expertise"}]},{"@type":"WebSite","@id":"https:\/\/www.monsieurcrepi.com\/#website","url":"https:\/\/www.monsieurcrepi.com\/","name":"Monsieur Cr\u00e9pi","description":"","potentialAction":[{"@type":"SearchAction","target":{"@type":"EntryPoint","urlTemplate":"https:\/\/www.monsieurcrepi.com\/?s={search_term_string}"},"query-input":{"@type":"PropertyValueSpecification","valueRequired":true,"valueName":"search_term_string"}}],"inLanguage":"en-US"}]}},"_links":{"self":[{"href":"https:\/\/www.monsieurcrepi.com\/en\/wp-json\/wp\/v2\/pages\/1126","targetHints":{"allow":["GET"]}}],"collection":[{"href":"https:\/\/www.monsieurcrepi.com\/en\/wp-json\/wp\/v2\/pages"}],"about":[{"href":"https:\/\/www.monsieurcrepi.com\/en\/wp-json\/wp\/v2\/types\/page"}],"author":[{"embeddable":true,"href":"https:\/\/www.monsieurcrepi.com\/en\/wp-json\/wp\/v2\/users\/8"}],"replies":[{"embeddable":true,"href":"https:\/\/www.monsieurcrepi.com\/en\/wp-json\/wp\/v2\/comments?post=1126"}],"version-history":[{"count":2,"href":"https:\/\/www.monsieurcrepi.com\/en\/wp-json\/wp\/v2\/pages\/1126\/revisions"}],"predecessor-version":[{"id":1196,"href":"https:\/\/www.monsieurcrepi.com\/en\/wp-json\/wp\/v2\/pages\/1126\/revisions\/1196"}],"wp:attachment":[{"href":"https:\/\/www.monsieurcrepi.com\/en\/wp-json\/wp\/v2\/media?parent=1126"}],"curies":[{"name":"wp","href":"https:\/\/api.w.org\/{rel}","templated":true}]}}