{"id":1120,"date":"2018-05-29T10:59:42","date_gmt":"2018-05-29T15:59:42","guid":{"rendered":"https:\/\/www.monsieurcrepi.com\/?page_id=1120"},"modified":"2018-09-28T13:47:20","modified_gmt":"2018-09-28T18:47:20","slug":"site-map","status":"publish","type":"page","link":"https:\/\/www.monsieurcrepi.com\/en\/site-map\/","title":{"rendered":"Site map"},"content":{"rendered":"<h1>Plan de site<\/h1>\n<p><a href=\"http:\/\/www.monsieurcrepi.com\/\">Cr\u00e9pi et rev\u00eatement de maison<\/a><\/p>\n<p>Pr\u00e9sentation de Monsieur Cr\u00e9pi comme entreprise familiale sp\u00e9cialis\u00e9e dans le rev\u00eatement ext\u00e9rieur et les finitions de fondation.<\/p>\n<p><a href=\"http:\/\/www.monsieurcrepi.com\/notre-expertise\/\">Expertise en rev\u00eatement<\/a><\/p>\n<p>Le rev\u00eatement Monsieur Cr\u00e9pi\u00a0 \u00bb Nouvelle G\u00e9n\u00e9ration\u2019\u2019 est r\u00e9alis\u00e9 selon les meilleures normes connues de l\u2019industrie<\/p>\n<p><a href=\"http:\/\/www.monsieurcrepi.com\/revetement-de-crepi\/\">Rev\u00eatement de cr\u00e9pi<\/a><\/p>\n<p>Le cr\u00e9pi est le rev\u00eatement le plus utilis\u00e9 pour couvrir la partie ext\u00e9rieur du mur de b\u00e9ton composant la fondation d\u2019une r\u00e9sidence.<\/p>\n<p><a href=\"http:\/\/www.monsieurcrepi.com\/restauration-de-crepi\/\">Restauration du cr\u00e9pi<\/a><\/p>\n<p>Lorsque le cr\u00e9pi a besoin d\u2019un coup de main!<\/p>\n<p><a href=\"http:\/\/www.monsieurcrepi.com\/resurfacage-beton\/\">Resurfa\u00e7age<\/a><\/p>\n<p>Resurfa\u00e7age de b\u00e9ton pour escalier, perron ou contour de piscine.<\/p>\n<p><a href=\"http:\/\/www.monsieurcrepi.com\/reparation-par-injection-de-fissure\/\">Injection de fissure<\/a><\/p>\n<p>R\u00e9paration des fissures de fondation par injection polyur\u00e9thane et Injection polyur\u00e9thane par l\u2019int\u00e9rieure du sous-sol.<\/p>\n<p><a href=\"http:\/\/www.monsieurcrepi.com\/revetement-acrylique\/\">Rev\u00eatement acrylique<\/a><\/p>\n<p>Pour la construction et la r\u00e9novation r\u00e9sidentielles, Monsieur Cr\u00e9pi favorise le rev\u00eatement d\u2019acrylique comme finition de b\u00e9ton.<\/p>\n<p><a href=\"http:\/\/www.monsieurcrepi.com\/revetement-de-stuc\/\">Rev\u00eatement de stuc<\/a><\/p>\n<p>Si le rev\u00eatement de stuc d\u00e9montre de la d\u00e9t\u00e9rioration, en refaire la finition s\u2019av\u00e8re la meilleure solution.<\/p>\n<p><a href=\"http:\/\/www.monsieurcrepi.com\/nos-realisations\/\">Nos r\u00e9alisations<\/a><\/p>\n<p>Quelques exemples de travaux r\u00e9alis\u00e9s.<\/p>\n<p><a href=\"http:\/\/www.monsieurcrepi.com\/contactez-nous\/\">Contact<\/a><\/p>\n<p>Pour l\u2019application ou la r\u00e9paration de votre rev\u00eatement de cr\u00e9pi, d\u2019acrylique ou le resurfa\u00e7age d\u2019escalier ou de perron de b\u00e9ton, contactez les experts de Monsieur Cr\u00e9pi.<\/p>\n","protected":false},"excerpt":{"rendered":"<p>Plan de site Cr\u00e9pi et rev\u00eatement de maison Pr\u00e9sentation de Monsieur Cr\u00e9pi comme entreprise familiale sp\u00e9cialis\u00e9e dans le rev\u00eatement ext\u00e9rieur et les finitions de fondation. Expertise en rev\u00eatement Le rev\u00eatement Monsieur Cr\u00e9pi\u00a0 \u00bb Nouvelle G\u00e9n\u00e9ration\u2019\u2019 est r\u00e9alis\u00e9 selon les meilleures<span class=\"ellipsis\">&hellip;<\/span><\/p>\n<div class=\"read-more\"><a href=\"https:\/\/www.monsieurcrepi.com\/en\/site-map\/\">Read more &#8250;<\/a><\/div>\n<p><!-- end of .read-more --><\/p>\n","protected":false},"author":8,"featured_media":0,"parent":0,"menu_order":0,"comment_status":"closed","ping_status":"closed","template":"","meta":{"footnotes":""},"class_list":["post-1120","page","type-page","status-publish","hentry"],"yoast_head":"<!-- This site is optimized with the Yoast SEO plugin v27.5 - https:\/\/yoast.com\/product\/yoast-seo-wordpress\/ -->\n<title>Site map - Monsieur Cr\u00e9pi<\/title>\n<meta name=\"robots\" content=\"index, follow, max-snippet:-1, max-image-preview:large, max-video-preview:-1\" \/>\n<link rel=\"canonical\" href=\"https:\/\/www.monsieurcrepi.com\/en\/site-map\/\" \/>\n<meta property=\"og:locale\" content=\"en_US\" \/>\n<meta property=\"og:type\" content=\"article\" \/>\n<meta property=\"og:title\" content=\"Site map - Monsieur Cr\u00e9pi\" \/>\n<meta property=\"og:description\" content=\"Plan de site Cr\u00e9pi et rev\u00eatement de maison Pr\u00e9sentation de Monsieur Cr\u00e9pi comme entreprise familiale sp\u00e9cialis\u00e9e dans le rev\u00eatement ext\u00e9rieur et les finitions de fondation. Expertise en rev\u00eatement Le rev\u00eatement Monsieur Cr\u00e9pi\u00a0 \u00bb Nouvelle G\u00e9n\u00e9ration\u2019\u2019 est r\u00e9alis\u00e9 selon les meilleures&hellip;Read more &#8250;\" \/>\n<meta property=\"og:url\" content=\"https:\/\/www.monsieurcrepi.com\/en\/site-map\/\" \/>\n<meta property=\"og:site_name\" content=\"Monsieur Cr\u00e9pi\" \/>\n<meta property=\"article:modified_time\" content=\"2018-09-28T18:47:20+00:00\" \/>\n<meta name=\"twitter:label1\" content=\"Est. reading time\" \/>\n\t<meta name=\"twitter:data1\" content=\"1 minute\" \/>\n<script type=\"application\/ld+json\" class=\"yoast-schema-graph\">{\"@context\":\"https:\\\/\\\/schema.org\",\"@graph\":[{\"@type\":\"WebPage\",\"@id\":\"https:\\\/\\\/www.monsieurcrepi.com\\\/en\\\/site-map\\\/\",\"url\":\"https:\\\/\\\/www.monsieurcrepi.com\\\/en\\\/site-map\\\/\",\"name\":\"Site map - Monsieur Cr\u00e9pi\",\"isPartOf\":{\"@id\":\"https:\\\/\\\/www.monsieurcrepi.com\\\/#website\"},\"datePublished\":\"2018-05-29T15:59:42+00:00\",\"dateModified\":\"2018-09-28T18:47:20+00:00\",\"breadcrumb\":{\"@id\":\"https:\\\/\\\/www.monsieurcrepi.com\\\/en\\\/site-map\\\/#breadcrumb\"},\"inLanguage\":\"en-US\",\"potentialAction\":[{\"@type\":\"ReadAction\",\"target\":[\"https:\\\/\\\/www.monsieurcrepi.com\\\/en\\\/site-map\\\/\"]}]},{\"@type\":\"BreadcrumbList\",\"@id\":\"https:\\\/\\\/www.monsieurcrepi.com\\\/en\\\/site-map\\\/#breadcrumb\",\"itemListElement\":[{\"@type\":\"ListItem\",\"position\":1,\"name\":\"Home\",\"item\":\"https:\\\/\\\/www.monsieurcrepi.com\\\/en\\\/\"},{\"@type\":\"ListItem\",\"position\":2,\"name\":\"Site map\"}]},{\"@type\":\"WebSite\",\"@id\":\"https:\\\/\\\/www.monsieurcrepi.com\\\/#website\",\"url\":\"https:\\\/\\\/www.monsieurcrepi.com\\\/\",\"name\":\"Monsieur Cr\u00e9pi\",\"description\":\"\",\"potentialAction\":[{\"@type\":\"SearchAction\",\"target\":{\"@type\":\"EntryPoint\",\"urlTemplate\":\"https:\\\/\\\/www.monsieurcrepi.com\\\/?s={search_term_string}\"},\"query-input\":{\"@type\":\"PropertyValueSpecification\",\"valueRequired\":true,\"valueName\":\"search_term_string\"}}],\"inLanguage\":\"en-US\"}]}<\/script>\n<!-- \/ Yoast SEO plugin. -->","yoast_head_json":{"title":"Site map - Monsieur Cr\u00e9pi","robots":{"index":"index","follow":"follow","max-snippet":"max-snippet:-1","max-image-preview":"max-image-preview:large","max-video-preview":"max-video-preview:-1"},"canonical":"https:\/\/www.monsieurcrepi.com\/en\/site-map\/","og_locale":"en_US","og_type":"article","og_title":"Site map - Monsieur Cr\u00e9pi","og_description":"Plan de site Cr\u00e9pi et rev\u00eatement de maison Pr\u00e9sentation de Monsieur Cr\u00e9pi comme entreprise familiale sp\u00e9cialis\u00e9e dans le rev\u00eatement ext\u00e9rieur et les finitions de fondation. Expertise en rev\u00eatement Le rev\u00eatement Monsieur Cr\u00e9pi\u00a0 \u00bb Nouvelle G\u00e9n\u00e9ration\u2019\u2019 est r\u00e9alis\u00e9 selon les meilleures&hellip;Read more &#8250;","og_url":"https:\/\/www.monsieurcrepi.com\/en\/site-map\/","og_site_name":"Monsieur Cr\u00e9pi","article_modified_time":"2018-09-28T18:47:20+00:00","twitter_misc":{"Est. reading time":"1 minute"},"schema":{"@context":"https:\/\/schema.org","@graph":[{"@type":"WebPage","@id":"https:\/\/www.monsieurcrepi.com\/en\/site-map\/","url":"https:\/\/www.monsieurcrepi.com\/en\/site-map\/","name":"Site map - Monsieur Cr\u00e9pi","isPartOf":{"@id":"https:\/\/www.monsieurcrepi.com\/#website"},"datePublished":"2018-05-29T15:59:42+00:00","dateModified":"2018-09-28T18:47:20+00:00","breadcrumb":{"@id":"https:\/\/www.monsieurcrepi.com\/en\/site-map\/#breadcrumb"},"inLanguage":"en-US","potentialAction":[{"@type":"ReadAction","target":["https:\/\/www.monsieurcrepi.com\/en\/site-map\/"]}]},{"@type":"BreadcrumbList","@id":"https:\/\/www.monsieurcrepi.com\/en\/site-map\/#breadcrumb","itemListElement":[{"@type":"ListItem","position":1,"name":"Home","item":"https:\/\/www.monsieurcrepi.com\/en\/"},{"@type":"ListItem","position":2,"name":"Site map"}]},{"@type":"WebSite","@id":"https:\/\/www.monsieurcrepi.com\/#website","url":"https:\/\/www.monsieurcrepi.com\/","name":"Monsieur Cr\u00e9pi","description":"","potentialAction":[{"@type":"SearchAction","target":{"@type":"EntryPoint","urlTemplate":"https:\/\/www.monsieurcrepi.com\/?s={search_term_string}"},"query-input":{"@type":"PropertyValueSpecification","valueRequired":true,"valueName":"search_term_string"}}],"inLanguage":"en-US"}]}},"_links":{"self":[{"href":"https:\/\/www.monsieurcrepi.com\/en\/wp-json\/wp\/v2\/pages\/1120","targetHints":{"allow":["GET"]}}],"collection":[{"href":"https:\/\/www.monsieurcrepi.com\/en\/wp-json\/wp\/v2\/pages"}],"about":[{"href":"https:\/\/www.monsieurcrepi.com\/en\/wp-json\/wp\/v2\/types\/page"}],"author":[{"embeddable":true,"href":"https:\/\/www.monsieurcrepi.com\/en\/wp-json\/wp\/v2\/users\/8"}],"replies":[{"embeddable":true,"href":"https:\/\/www.monsieurcrepi.com\/en\/wp-json\/wp\/v2\/comments?post=1120"}],"version-history":[{"count":1,"href":"https:\/\/www.monsieurcrepi.com\/en\/wp-json\/wp\/v2\/pages\/1120\/revisions"}],"predecessor-version":[{"id":1121,"href":"https:\/\/www.monsieurcrepi.com\/en\/wp-json\/wp\/v2\/pages\/1120\/revisions\/1121"}],"wp:attachment":[{"href":"https:\/\/www.monsieurcrepi.com\/en\/wp-json\/wp\/v2\/media?parent=1120"}],"curies":[{"name":"wp","href":"https:\/\/api.w.org\/{rel}","templated":true}]}}